{"id":3740,"date":"2020-07-09T17:49:48","date_gmt":"2020-07-09T15:49:48","guid":{"rendered":"http:\/\/timelinereunion.com\/?page_id=3740"},"modified":"2020-07-10T15:30:06","modified_gmt":"2020-07-10T13:30:06","slug":"prestation-drone","status":"publish","type":"page","link":"https:\/\/timelinereunion.com\/index.php\/prestation-drone\/","title":{"rendered":"PRESTATION DRONE"},"content":{"rendered":"\n<h2 class=\"has-very-dark-gray-color has-text-color wp-block-heading\"><strong>PRESTATIONS PHOTO &amp;VID\u00c9O<\/strong> PAR DRONE<\/h2>\n\n\n\n<figure class=\"wp-block-image size-large\"><img loading=\"lazy\" decoding=\"async\" width=\"1024\" height=\"614\" src=\"http:\/\/timelinereunion.com\/wp-content\/uploads\/2020\/07\/Untitled-1@1x-1024x614.jpg\" alt=\"\" class=\"wp-image-3741\" srcset=\"https:\/\/timelinereunion.com\/wp-content\/uploads\/2020\/07\/Untitled-1@1x-1024x614.jpg 1024w, https:\/\/timelinereunion.com\/wp-content\/uploads\/2020\/07\/Untitled-1@1x-300x180.jpg 300w, https:\/\/timelinereunion.com\/wp-content\/uploads\/2020\/07\/Untitled-1@1x-768x461.jpg 768w, https:\/\/timelinereunion.com\/wp-content\/uploads\/2020\/07\/Untitled-1@1x-1536x922.jpg 1536w, https:\/\/timelinereunion.com\/wp-content\/uploads\/2020\/07\/Untitled-1@1x.jpg 2000w\" sizes=\"auto, (max-width: 1024px) 100vw, 1024px\" \/><\/figure>\n\n\n\n<p class=\"has-text-color has-very-dark-gray-color\">Notre offre de services s\u2019\u00e9tend de la prise de photo et\/ou vid\u00e9o a\u00e9rienne, jusqu\u2019\u00e0 la&nbsp;r\u00e9alisation compl\u00e8te de vos films.<\/p>\n\n\n\n<p class=\"has-text-color has-very-dark-gray-color\">Que vous soyez une&nbsp;Agence de communication ou de production, un industriel, une agence immobili\u00e8re, un professionnel du BTP ou de l\u2019am\u00e9nagement du territoire, l\u2019image a\u00e9rienne par drone peut vous int\u00e9resser \u00e0 plus d\u2019un titre.<br>C&rsquo;est aujourd\u2019hui le&nbsp;<strong>moyen le plus efficace, le plus \u00e9conomique pour r\u00e9aliser des images a\u00e9riennes en haute d\u00e9finition<\/strong>&nbsp;ou 4K!<\/p>\n\n\n\n<p class=\"has-text-color has-very-dark-gray-color\">R\u00e9alis\u00e9e en&nbsp;HD<strong> <\/strong>(Full HD\/4K) jusqu\u2019\u00e0 150 m\u00e8tres de haut, en int\u00e9rieur comme en ext\u00e9rieur et dans n\u2019importe quel lieu, l\u2019image a\u00e9rienne par drone donne du dynamisme \u00e0 vos films et valorise vos communications. Sc\u00e9nario S1 &amp; S3<\/p>\n\n\n\n<p class=\"has-text-color has-very-dark-gray-color\"><strong><strong>TIMELINE<\/strong><\/strong>&nbsp;r\u00e9alise vos plans a\u00e9riens ET vous accompagne \u00e9galement dans la production de vos images au sol.<\/p>\n\n\n\n<p class=\"has-text-color has-background has-very-dark-gray-color has-cyan-bluish-gray-background-color\"><strong><strong>TIMELINE<\/strong><\/strong>&nbsp;est enregistr\u00e9 aupr\u00e8s de la Direction G\u00e9n\u00e9rale de l\u2019Aviation Civile et op\u00e8re en toute conformit\u00e9 avec les lois en vigueur.<\/p>\n\n\n\n<figure class=\"wp-block-gallery columns-2 is-cropped wp-block-gallery-1 is-layout-flex wp-block-gallery-is-layout-flex\"><ul class=\"blocks-gallery-grid\"><li class=\"blocks-gallery-item\"><figure><img loading=\"lazy\" decoding=\"async\" width=\"1024\" height=\"614\" src=\"http:\/\/timelinereunion.com\/wp-content\/uploads\/2020\/07\/Untitled-1-1024x614.jpg\" alt=\"\" data-id=\"3744\" data-link=\"http:\/\/timelinereunion.com\/?attachment_id=3744\" class=\"wp-image-3744\" srcset=\"https:\/\/timelinereunion.com\/wp-content\/uploads\/2020\/07\/Untitled-1-1024x614.jpg 1024w, https:\/\/timelinereunion.com\/wp-content\/uploads\/2020\/07\/Untitled-1-300x180.jpg 300w, https:\/\/timelinereunion.com\/wp-content\/uploads\/2020\/07\/Untitled-1-768x461.jpg 768w, https:\/\/timelinereunion.com\/wp-content\/uploads\/2020\/07\/Untitled-1-1536x922.jpg 1536w, https:\/\/timelinereunion.com\/wp-content\/uploads\/2020\/07\/Untitled-1.jpg 2000w\" sizes=\"auto, (max-width: 1024px) 100vw, 1024px\" \/><\/figure><\/li><li class=\"blocks-gallery-item\"><figure><img loading=\"lazy\" decoding=\"async\" width=\"1024\" height=\"614\" src=\"http:\/\/timelinereunion.com\/wp-content\/uploads\/2020\/07\/DSRONE1-1024x614.jpg\" alt=\"\" data-id=\"3745\" data-full-url=\"http:\/\/timelinereunion.com\/wp-content\/uploads\/2020\/07\/DSRONE1.jpg\" data-link=\"http:\/\/timelinereunion.com\/?attachment_id=3745\" class=\"wp-image-3745\" srcset=\"https:\/\/timelinereunion.com\/wp-content\/uploads\/2020\/07\/DSRONE1-1024x614.jpg 1024w, https:\/\/timelinereunion.com\/wp-content\/uploads\/2020\/07\/DSRONE1-300x180.jpg 300w, https:\/\/timelinereunion.com\/wp-content\/uploads\/2020\/07\/DSRONE1-768x461.jpg 768w, https:\/\/timelinereunion.com\/wp-content\/uploads\/2020\/07\/DSRONE1-1536x922.jpg 1536w, https:\/\/timelinereunion.com\/wp-content\/uploads\/2020\/07\/DSRONE1.jpg 2000w\" sizes=\"auto, (max-width: 1024px) 100vw, 1024px\" \/><\/figure><\/li><\/ul><\/figure>\n\n\n\n<figure class=\"wp-block-embed-youtube wp-block-embed is-type-video is-provider-youtube wp-embed-aspect-16-9 wp-has-aspect-ratio\"><div class=\"wp-block-embed__wrapper\">\n<div class=\"video\"><iframe loading=\"lazy\" title=\"Drone au Port\" width=\"640\" height=\"360\" src=\"https:\/\/www.youtube.com\/embed\/Zh9kMGAgLxQ?feature=oembed\" frameborder=\"0\" allow=\"accelerometer; autoplay; clipboard-write; encrypted-media; gyroscope; picture-in-picture; web-share\" referrerpolicy=\"strict-origin-when-cross-origin\" allowfullscreen><\/iframe><\/div>\n<\/div><\/figure>\n","protected":false},"excerpt":{"rendered":"<p>PRESTATIONS PHOTO &amp;VID\u00c9O PAR DRONE Notre offre de services s\u2019\u00e9tend de la prise de photo et\/ou vid\u00e9o a\u00e9rienne, jusqu\u2019\u00e0 la&nbsp;r\u00e9alisation compl\u00e8te de vos films. Que vous soyez une&nbsp;Agence de communication ou de production, un industriel, une agence immobili\u00e8re, un professionnel du BTP ou de l\u2019am\u00e9nagement du territoire, l\u2019image a\u00e9rienne par drone peut vous int\u00e9resser \u00e0 plus d\u2019un titre.C&rsquo;est aujourd\u2019hui le&nbsp;moyen le plus efficace, le plus \u00e9conomique pour r\u00e9aliser des images a\u00e9riennes en haute d\u00e9finition&nbsp;ou 4K! R\u00e9alis\u00e9e en&nbsp;HD (Full HD\/4K) jusqu\u2019\u00e0&hellip;<\/p>\n","protected":false},"author":1,"featured_media":3741,"parent":0,"menu_order":0,"comment_status":"closed","ping_status":"closed","template":"page-templates\/template-services.php","meta":{"footnotes":""},"class_list":["post-3740","page","type-page","status-publish","has-post-thumbnail","hentry","post-has-thumbnail"],"_links":{"self":[{"href":"https:\/\/timelinereunion.com\/index.php\/wp-json\/wp\/v2\/pages\/3740","targetHints":{"allow":["GET"]}}],"collection":[{"href":"https:\/\/timelinereunion.com\/index.php\/wp-json\/wp\/v2\/pages"}],"about":[{"href":"https:\/\/timelinereunion.com\/index.php\/wp-json\/wp\/v2\/types\/page"}],"author":[{"embeddable":true,"href":"https:\/\/timelinereunion.com\/index.php\/wp-json\/wp\/v2\/users\/1"}],"replies":[{"embeddable":true,"href":"https:\/\/timelinereunion.com\/index.php\/wp-json\/wp\/v2\/comments?post=3740"}],"version-history":[{"count":23,"href":"https:\/\/timelinereunion.com\/index.php\/wp-json\/wp\/v2\/pages\/3740\/revisions"}],"predecessor-version":[{"id":3798,"href":"https:\/\/timelinereunion.com\/index.php\/wp-json\/wp\/v2\/pages\/3740\/revisions\/3798"}],"wp:featuredmedia":[{"embeddable":true,"href":"https:\/\/timelinereunion.com\/index.php\/wp-json\/wp\/v2\/media\/3741"}],"wp:attachment":[{"href":"https:\/\/timelinereunion.com\/index.php\/wp-json\/wp\/v2\/media?parent=3740"}],"curies":[{"name":"wp","href":"https:\/\/api.w.org\/{rel}","templated":true}]}}